{"id":276,"date":"2016-08-12T20:47:39","date_gmt":"2016-08-12T18:47:39","guid":{"rendered":"http:\/\/wp.feuerwehr-holdorf.de\/?page_id=276"},"modified":"2024-01-01T12:08:16","modified_gmt":"2024-01-01T11:08:16","slug":"ff-holdorf","status":"publish","type":"page","link":"https:\/\/test.feuerwehr-holdorf.de\/?page_id=276","title":{"rendered":"Feuerwehren Holdorf und Fladderlohausen"},"content":{"rendered":"<p style=\"text-align: center;\">Die Feuerwehren Holdorf und Fladderlohausen zeichnen sich durch eine hervorragende Zusammenarbeit aus. Gemeinsame Ausbildungsdienste oder auch \u00dcbungen bilden den Grundstein f\u00fcr eine gute Zusammenarbeit. Bei insgesamt ungef\u00e4hr 80-100 Eins\u00e4tzen im Jahr beweist sich dieses immer wieder.<\/p>\n<p style=\"text-align: center;\">Knapp 20km Autobahn befinden sich im Einsatzgebiet der Feuerwehr Holdorf. Zwischen den Anschlussstellen Lohne\/Dinklage und Neuenkirchen werden die Kameraden mehrmals im Jahr zu Unf\u00e4llen, PKW- oder LKW-Br\u00e4nden gerufen. Zur Zeit befindet sich eine Gro\u00dfbaustelle zwischen diesen Anschlussstellen, sodass im Moment eine besondere Situation und ein Gefahrenschwerpunkt dort herrscht.<\/p>\n<p style=\"text-align: center;\">Doch auch im Industriegebiet befinden sich mit einem gro\u00dfen Holzbetrieb, einem K\u00fchlhaus mit gro\u00dfen Ammoniaktanks oder mit einer Kunststoff-Recyclingfirma ein gro\u00dfes Einsatzpotenzial. In den letzten Jahren hatte beide Feuerwehren ein gro\u00dfes Spektrum an verschiedensten Eins\u00e4tzen abzuarbeiten. F\u00fcr all diese Arbeit ist es nat\u00fcrlich n\u00f6tig, ausreichend Feuerwehrm\u00e4nner und nat\u00fcrlich auch Feuerwehrfrauen in der Feuerwehr zu haben. Daher werden neue Feuerwehrleute immer gesucht. Man kann sich gerne bei der <a href=\"https:\/\/feuerwehr-holdorf.de\/?page_id=5556\" target=\"_blank\" rel=\"noopener noreferrer\">Wehrf\u00fchrung in Holdorf<\/a> bzw. bei der <a href=\"https:\/\/feuerwehr-holdorf.de\/?page_id=5574\" target=\"_blank\" rel=\"noopener noreferrer\">F\u00fchrung in Fladderlohausen<\/a> melden.<\/p>\n<p style=\"text-align: center;\">Wir brauchen jede(n)! AUCH DICH !!!<\/p>\n<p><iframe loading=\"lazy\" src=\"\/\/www.youtube.com\/embed\/SSlyIKghe-U?feature=emb_logo\" width=\"560\" height=\"314\" allowfullscreen=\"allowfullscreen\"><\/iframe><\/p>\n<p style=\"text-align: center;\">Hier ein Video der Initiative &#8222;Ja zur Feuerwehr&#8220; (<a href=\"https:\/\/www.feuerwehr.niedersachsen.de\/\" target=\"_blank\" rel=\"noopener noreferrer\">Homepage hier<\/a>)<\/p>\n<p>&nbsp;<\/p>\n","protected":false},"excerpt":{"rendered":"<p>Die Feuerwehren Holdorf und Fladderlohausen zeichnen sich durch eine hervorragende Zusammenarbeit aus. Gemeinsame Ausbildungsdienste oder auch \u00dcbungen bilden den Grundstein f\u00fcr eine gute Zusammenarbeit. Bei insgesamt ungef\u00e4hr 80-100 Eins\u00e4tzen im Jahr beweist sich dieses immer wieder. Knapp 20km Autobahn befinden<\/p>\n","protected":false},"author":2,"featured_media":0,"parent":0,"menu_order":0,"comment_status":"closed","ping_status":"closed","template":"","meta":{"ngg_post_thumbnail":0,"footnotes":""},"class_list":["post-276","page","type-page","status-publish","hentry"],"_links":{"self":[{"href":"https:\/\/test.feuerwehr-holdorf.de\/index.php?rest_route=\/wp\/v2\/pages\/276","targetHints":{"allow":["GET"]}}],"collection":[{"href":"https:\/\/test.feuerwehr-holdorf.de\/index.php?rest_route=\/wp\/v2\/pages"}],"about":[{"href":"https:\/\/test.feuerwehr-holdorf.de\/index.php?rest_route=\/wp\/v2\/types\/page"}],"author":[{"embeddable":true,"href":"https:\/\/test.feuerwehr-holdorf.de\/index.php?rest_route=\/wp\/v2\/users\/2"}],"replies":[{"embeddable":true,"href":"https:\/\/test.feuerwehr-holdorf.de\/index.php?rest_route=%2Fwp%2Fv2%2Fcomments&post=276"}],"version-history":[{"count":10,"href":"https:\/\/test.feuerwehr-holdorf.de\/index.php?rest_route=\/wp\/v2\/pages\/276\/revisions"}],"predecessor-version":[{"id":6798,"href":"https:\/\/test.feuerwehr-holdorf.de\/index.php?rest_route=\/wp\/v2\/pages\/276\/revisions\/6798"}],"wp:attachment":[{"href":"https:\/\/test.feuerwehr-holdorf.de\/index.php?rest_route=%2Fwp%2Fv2%2Fmedia&parent=276"}],"curies":[{"name":"wp","href":"https:\/\/api.w.org\/{rel}","templated":true}]}}