{"id":3381,"date":"2019-05-04T14:32:05","date_gmt":"2019-05-04T12:32:05","guid":{"rendered":"https:\/\/feuerwehr-holdorf.de\/?page_id=3381"},"modified":"2020-02-08T11:46:19","modified_gmt":"2020-02-08T10:46:19","slug":"besuch-der-feuerwehr","status":"publish","type":"page","link":"https:\/\/test.feuerwehr-holdorf.de\/?page_id=3381","title":{"rendered":"Besuch bei der Feuerwehr"},"content":{"rendered":"\n<p><strong>Liebe Kinderg\u00e4rten, Schulen und sonstige Jugendgruppen!<\/strong><\/p>\n\n\n\n<p>Wir freuen uns immer sehr, wenn gerade Kinder gro\u00dfes Interesse f\u00fcr die Arbeit der Feuerwehr zeigen. Daher ist es f\u00fcr uns selbstverst\u00e4ndlich, den Kinderg\u00e4rten, Schulklassen und weiteren Jugendgruppen einen Besuch bei der Feuerwehr zu erm\u00f6glichen.<\/p>\n\n\n\n<p>Was euch dann erwartet fragt ihr euch? Euch erwartet eine Nahansicht sowie die Erkl\u00e4rung der Einsatzfahrzeuge, das Zeigen im Umgang mit Strahlrohren, das Beibringen einer Notrufabsetzung, das Erkl\u00e4ren der Arbeit der Jugendfeuerwehr, das Erkl\u00e4ren der Ausr\u00fcstung eines Feuerwehrmannes, und noch vieles mehr!<\/p>\n\n\n\n<p>Nehmt bei Interesse einfach Kontakt zu unseren Schulklassenbetreuer auf und vereinbart ganz unkompliziert einen Termin. Und wenn aus diversen Gr\u00fcnden kein Besuch bei der Feuerwehr m\u00f6glich ist, dann sprecht uns trotzdem gerne an! Auch dann finden wir eine L\u00f6sung!<\/p>\n\n\n\n<p>Schickt einfach eine Mail mit eurer Frage, wir antworten zeitnah und setzen uns mit euch in Verbindung. <\/p>\n\n\n\n<p>Unsere E-Mail-Adresse: <a href=\"mailto:schulklassenbetreuer@feuerwehr-holdorf.de\">schulklassenbetreuer[at]feuerwehr-holdorf.de<\/a><\/p>\n\n\n\n<p><br><strong>Unsere Ansprechpartner f\u00fcr Kinderg\u00e4rten, Schulklassen, etc.:<\/strong><\/p>\n\n\n\n<div class=\"wp-block-image\"><figure class=\"alignleft is-resized\"><img loading=\"lazy\" decoding=\"async\" src=\"https:\/\/feuerwehr-holdorf.de\/wp-content\/uploads\/2019\/05\/L\u00fcpke-Narberhaus_Stefan-975x915.jpg\" alt=\"\" class=\"wp-image-3447\" width=\"200\" height=\"229\"\/><\/figure><\/div>\n\n\n\n<p><br><\/p>\n\n\n\n<p><strong>S<\/strong><em><strong>tefan L\u00fcpke-Narberhaus<\/strong><\/em><\/p>\n\n\n\n<p><\/p>\n\n\n\n<p><br><\/p>\n\n\n\n<p><br><br><br><br><br><\/p>\n\n\n\n<div class=\"wp-block-image\"><figure class=\"alignleft is-resized\"><img loading=\"lazy\" decoding=\"async\" src=\"https:\/\/feuerwehr-holdorf.de\/wp-content\/uploads\/2019\/05\/Meyer_Alex-1-975x915.jpg\" alt=\"\" class=\"wp-image-3450\" width=\"200\" height=\"229\"\/><\/figure><\/div>\n\n\n\n<p><br><\/p>\n\n\n\n<p><strong><em>Alex Meyer<\/em><\/strong><\/p>\n\n\n\n<p><\/p>\n","protected":false},"excerpt":{"rendered":"<p>Liebe Kinderg\u00e4rten, Schulen und sonstige Jugendgruppen! Wir freuen uns immer sehr, wenn gerade Kinder gro\u00dfes Interesse f\u00fcr die Arbeit der Feuerwehr zeigen. Daher ist es f\u00fcr uns selbstverst\u00e4ndlich, den Kinderg\u00e4rten, Schulklassen und weiteren Jugendgruppen einen Besuch bei der Feuerwehr zu<\/p>\n","protected":false},"author":2,"featured_media":0,"parent":276,"menu_order":0,"comment_status":"closed","ping_status":"closed","template":"","meta":{"ngg_post_thumbnail":0,"footnotes":""},"class_list":["post-3381","page","type-page","status-publish","hentry"],"_links":{"self":[{"href":"https:\/\/test.feuerwehr-holdorf.de\/index.php?rest_route=\/wp\/v2\/pages\/3381","targetHints":{"allow":["GET"]}}],"collection":[{"href":"https:\/\/test.feuerwehr-holdorf.de\/index.php?rest_route=\/wp\/v2\/pages"}],"about":[{"href":"https:\/\/test.feuerwehr-holdorf.de\/index.php?rest_route=\/wp\/v2\/types\/page"}],"author":[{"embeddable":true,"href":"https:\/\/test.feuerwehr-holdorf.de\/index.php?rest_route=\/wp\/v2\/users\/2"}],"replies":[{"embeddable":true,"href":"https:\/\/test.feuerwehr-holdorf.de\/index.php?rest_route=%2Fwp%2Fv2%2Fcomments&post=3381"}],"version-history":[{"count":10,"href":"https:\/\/test.feuerwehr-holdorf.de\/index.php?rest_route=\/wp\/v2\/pages\/3381\/revisions"}],"predecessor-version":[{"id":4293,"href":"https:\/\/test.feuerwehr-holdorf.de\/index.php?rest_route=\/wp\/v2\/pages\/3381\/revisions\/4293"}],"up":[{"embeddable":true,"href":"https:\/\/test.feuerwehr-holdorf.de\/index.php?rest_route=\/wp\/v2\/pages\/276"}],"wp:attachment":[{"href":"https:\/\/test.feuerwehr-holdorf.de\/index.php?rest_route=%2Fwp%2Fv2%2Fmedia&parent=3381"}],"curies":[{"name":"wp","href":"https:\/\/api.w.org\/{rel}","templated":true}]}}