{"id":3989,"date":"2019-11-25T13:49:56","date_gmt":"2019-11-25T12:49:56","guid":{"rendered":"https:\/\/feuerwehr-holdorf.de\/?page_id=3989"},"modified":"2020-12-11T19:10:33","modified_gmt":"2020-12-11T18:10:33","slug":"hinweise-zu-weihnachten","status":"publish","type":"page","link":"https:\/\/test.feuerwehr-holdorf.de\/?page_id=3989","title":{"rendered":"Hinweise zu Weihnachten"},"content":{"rendered":"\n<figure id=\"attachment_1551\" aria-describedby=\"caption-attachment-1551\" style=\"width: 300px\" class=\"wp-caption alignleft\"><img loading=\"lazy\" decoding=\"async\" class=\"size-medium wp-image-1551\" src=\"https:\/\/feuerwehr-holdorf.de\/wp-content\/uploads\/2016\/11\/Adventskranz-300x201.jpg\" alt=\"\" width=\"300\" height=\"201\" srcset=\"https:\/\/test.feuerwehr-holdorf.de\/wp-content\/uploads\/2016\/11\/Adventskranz-300x201.jpg 300w, https:\/\/test.feuerwehr-holdorf.de\/wp-content\/uploads\/2016\/11\/Adventskranz.jpg 423w\" sizes=\"auto, (max-width: 300px) 100vw, 300px\" \/><figcaption id=\"caption-attachment-1551\" class=\"wp-caption-text\">Ein sch\u00f6ner Anblick zur Adventszeit<\/figcaption><\/figure>\n<p class=\"bodytext\">Besinnliche Feiertage im Kreise von Familie und Freunden, mit Geschenken und Kerzenschein: Weihnachten ist ein hell erleuchtetes Fest in der dunklen Jahreszeit. Damit es nicht durch Br\u00e4nde \u00fcberschattet wird, die durch Unachtsamkeit ausgel\u00f6st wurden, mahnt der Deutsche Feuerwehrverband zum sorgsamen Umgang mit Kerzen. Dadurch k\u00f6nnten zahlreiche Feuerwehreins\u00e4tze vermieden werden.<br><br><br><strong>Zehn einfache Tipps der Feuerwehr helfen, Br\u00e4nde zu verhindern:<\/strong><\/p>\n<ul>\n<li>Lassen Sie Kerzen niemals unbeaufsichtigt brennen \u2013 vor allem nicht, wenn Kinder dabei sind. Unachtsamkeit ist die Brandursache Nummer eins!<\/li>\n<li>Auch wenn man sie h\u00e4ufiger als sonst verwendet und griffbereit haben m\u00f6chte: Bewahren Sie Streichh\u00f6lzer und Feuerzeuge an einem kindersicheren Platz auf.<\/li>\n<li>Stellen Sie Kerzen nicht in der N\u00e4he von brennbaren Gegenst\u00e4nden (Geschenkpapier, Vorhang) oder an einem Ort mit starker Zugluft auf.<\/li>\n<li>Kerzen geh\u00f6ren immer in eine standfeste, nicht brennbare Halterung.<\/li>\n<li>Entz\u00fcnden Sie Kerzen am Weihnachtsbaum von oben nach unten; l\u00f6schen Sie sie in umgekehrter Reihenfolge ab.<\/li>\n<li>L\u00f6schen Sie Kerzen an Adventskr\u00e4nzen und am Weihnachtsbaum rechtzeitig, bevor sie heruntergebrannt sind: Tannengr\u00fcn trocknet mit der Zeit aus und wird zur Brandgefahr.<\/li>\n<li>Wenn Sie echte Kerzen entz\u00fcnden, stellen Sie ein entsprechendes L\u00f6schmittel (Wassereimer, Feuerl\u00f6scher, Feuerl\u00f6schspray) bereit.<\/li>\n<li>Achten Sie bei elektrischen Lichterketten darauf, dass Steckdosen nicht \u00fcberlastet werden. Die elektrischen Kerzen sollten ein Pr\u00fcfsiegel tragen, das den VDE-Bestimmungen entspricht.<\/li>\n<li>Wenn es brennt, versuchen Sie nur dann die Flammen zu l\u00f6schen, wenn dies ohne Eigengef\u00e4hrdung m\u00f6glich ist. Ansonsten schlie\u00dfen Sie m\u00f6glichst die T\u00fcr zum Brandraum, verlassen (mit Ihrer Familie) die Wohnung und alarmieren die Feuerwehr mit dem Notruf 112.<\/li>\n<\/ul>\n<pre><em>Quelle: Deutscher Feuerwehrverband<\/em><\/pre>\n<p><strong>Zudem hier noch ein sehr lehrreiches Video mit Material vom Institut f\u00fcr Schadenverh\u00fctung:<\/strong><\/p>\n<div style=\"width: 750px;\" class=\"wp-video\"><video class=\"wp-video-shortcode\" id=\"video-3989-1\" width=\"750\" height=\"422\" preload=\"metadata\" controls=\"controls\"><source type=\"video\/mp4\" src=\"https:\/\/feuerwehr-holdorf.de\/wp-content\/uploads\/2020\/11\/Praevention_Adventszeit.mp4?_=1\" \/><a href=\"https:\/\/feuerwehr-holdorf.de\/wp-content\/uploads\/2020\/11\/Praevention_Adventszeit.mp4\">https:\/\/feuerwehr-holdorf.de\/wp-content\/uploads\/2020\/11\/Praevention_Adventszeit.mp4<\/a><\/video><\/div>\n","protected":false},"excerpt":{"rendered":"<p>Besinnliche Feiertage im Kreise von Familie und Freunden, mit Geschenken und Kerzenschein: Weihnachten ist ein hell erleuchtetes Fest in der dunklen Jahreszeit. Damit es nicht durch Br\u00e4nde \u00fcberschattet wird, die durch Unachtsamkeit ausgel\u00f6st wurden, mahnt der Deutsche Feuerwehrverband zum sorgsamen<\/p>\n","protected":false},"author":2,"featured_media":0,"parent":242,"menu_order":0,"comment_status":"closed","ping_status":"closed","template":"","meta":{"ngg_post_thumbnail":0,"footnotes":""},"class_list":["post-3989","page","type-page","status-publish","hentry"],"_links":{"self":[{"href":"https:\/\/test.feuerwehr-holdorf.de\/index.php?rest_route=\/wp\/v2\/pages\/3989","targetHints":{"allow":["GET"]}}],"collection":[{"href":"https:\/\/test.feuerwehr-holdorf.de\/index.php?rest_route=\/wp\/v2\/pages"}],"about":[{"href":"https:\/\/test.feuerwehr-holdorf.de\/index.php?rest_route=\/wp\/v2\/types\/page"}],"author":[{"embeddable":true,"href":"https:\/\/test.feuerwehr-holdorf.de\/index.php?rest_route=\/wp\/v2\/users\/2"}],"replies":[{"embeddable":true,"href":"https:\/\/test.feuerwehr-holdorf.de\/index.php?rest_route=%2Fwp%2Fv2%2Fcomments&post=3989"}],"version-history":[{"count":2,"href":"https:\/\/test.feuerwehr-holdorf.de\/index.php?rest_route=\/wp\/v2\/pages\/3989\/revisions"}],"predecessor-version":[{"id":4827,"href":"https:\/\/test.feuerwehr-holdorf.de\/index.php?rest_route=\/wp\/v2\/pages\/3989\/revisions\/4827"}],"up":[{"embeddable":true,"href":"https:\/\/test.feuerwehr-holdorf.de\/index.php?rest_route=\/wp\/v2\/pages\/242"}],"wp:attachment":[{"href":"https:\/\/test.feuerwehr-holdorf.de\/index.php?rest_route=%2Fwp%2Fv2%2Fmedia&parent=3989"}],"curies":[{"name":"wp","href":"https:\/\/api.w.org\/{rel}","templated":true}]}}