{"id":4458,"date":"2020-05-01T13:12:38","date_gmt":"2020-05-01T11:12:38","guid":{"rendered":"https:\/\/feuerwehr-holdorf.de\/?page_id=4458"},"modified":"2020-05-01T18:22:55","modified_gmt":"2020-05-01T16:22:55","slug":"die-alarmierung","status":"publish","type":"page","link":"https:\/\/test.feuerwehr-holdorf.de\/?page_id=4458","title":{"rendered":"Die Alarmierung"},"content":{"rendered":"\n<p>Immer wieder werden wir gefragt, wie wir mitbekommen, dass ein Alarm ist. Diese Frage wollen wir euch nat\u00fcrlich so gut wie m\u00f6glich erkl\u00e4ren und haben daher hier einige Informationen zusammengefasst. Im Gegensatz zu damals, als noch die Sirenen bei Alarm zu h\u00f6ren waren, werden diese nur noch gelegentlich bis gar nicht zur Alarmierung genutzt. Jeder Feuerwehrmann \/ jede Feuerwehrfrau hat einen Alarmempf\u00e4nger, der \u00fcber einen anstehenden Notfall informiert.<br><br><img loading=\"lazy\" decoding=\"async\" class=\"alignleft size-medium wp-image-4462\" src=\"https:\/\/feuerwehr-holdorf.de\/wp-content\/uploads\/2020\/05\/swissphone-quattro-xli-225x300.jpg\" alt=\"\" width=\"225\" height=\"300\" srcset=\"https:\/\/test.feuerwehr-holdorf.de\/wp-content\/uploads\/2020\/05\/swissphone-quattro-xli-225x300.jpg 225w, https:\/\/test.feuerwehr-holdorf.de\/wp-content\/uploads\/2020\/05\/swissphone-quattro-xli.jpg 400w\" sizes=\"auto, (max-width: 225px) 100vw, 225px\" \/><strong>Die alte Alarmierung:<\/strong><br>Bis 2018 war es im Landkreis Vechta \u00fcblich, dass die Feuerwehren \u00fcber ihre analogen Funkmeldeempf\u00e4nger alarmiert wurden. \u00dcber die sogenannten 5-Ton-Folgen wurden \u00fcber das Funknetz verschiedene, jeweils der Feuerwehr zugeordnete T\u00f6ne &#8222;abgespielt&#8220;. Anhand dieser T\u00f6ne hat der Alarmempf\u00e4nger der Kameraden erkannt, ob er nun ausl\u00f6sen muss oder nicht. Nach der Alarmierung erfolgte dann meist eine Durchsage vom Leitstellendisponenten. Nachteil dieser Alarmierung war die fehlende Datensicherheit: Es war mit diversem technischen Equipment m\u00f6glich, die Alarmierungen abzuh\u00f6ren. Das hat sich nun jedoch ge\u00e4ndert&#8230;<br><br><br><strong><img loading=\"lazy\" decoding=\"async\" class=\"alignright size-medium wp-image-4463\" src=\"https:\/\/feuerwehr-holdorf.de\/wp-content\/uploads\/2020\/05\/swissphone-squad-x35-300x225.jpg\" alt=\"\" width=\"300\" height=\"225\" srcset=\"https:\/\/test.feuerwehr-holdorf.de\/wp-content\/uploads\/2020\/05\/swissphone-squad-x35-300x225.jpg 300w, https:\/\/test.feuerwehr-holdorf.de\/wp-content\/uploads\/2020\/05\/swissphone-squad-x35.jpg 425w\" sizes=\"auto, (max-width: 300px) 100vw, 300px\" \/>Die neue, digitale Alarmierung:<\/strong><br>Seit 2018 ist nun die digitale Alarmierung (POCSAG) im Landkreis Vechta eingef\u00fchrt. Die Alarmempf\u00e4nger haben zwar noch die gleiche Gr\u00f6\u00dfe, es steckt jedoch mehr Technik in den kleinen Ger\u00e4ten. Nicht nur, dass die neue Technik abh\u00f6rsicher ist, da nur noch digitale Signale \u00fcbertragen werden, nein, die Kameraden bekommen nun auch die Einsatzinformationen direkt als Anzeige auf den Displays geschickt. So wei\u00df jeder Feuerwehrmann und jede Feuerwehrfrau, welche Gefahrenlage nun gerade anliegt. <br><br><br><strong><img loading=\"lazy\" decoding=\"async\" class=\"alignleft wp-image-4461\" src=\"https:\/\/feuerwehr-holdorf.de\/wp-content\/uploads\/2020\/05\/aPagerPro-300x290.png\" alt=\"\" width=\"227\" height=\"220\" srcset=\"https:\/\/test.feuerwehr-holdorf.de\/wp-content\/uploads\/2020\/05\/aPagerPro-300x290.png 300w, https:\/\/test.feuerwehr-holdorf.de\/wp-content\/uploads\/2020\/05\/aPagerPro.png 400w\" sizes=\"auto, (max-width: 227px) 100vw, 227px\" \/>Zusatzalarmierung:<\/strong><br>Neben der digitalen Alarmierung werden die Feuerwehrleute per Push-Nachricht \u00fcber eine Alarm-App zum Einsatz gerufen. Diese Alarmierung ist ein Backup, falls der Empfang am Alarmempf\u00e4nger mal gerade nicht da war. Zus\u00e4tzlich werden \u00fcber die App die R\u00fcckmeldungen gegeben. So stehen den Einsatzleitern&nbsp; bzw. Gruppenf\u00fchrern sofort die Informationen zur Verf\u00fcgung, wer zeitnah beim Feuerwehrhaus ist, von der Arbeit aus dem benachbarten Damme, Steinfeld, etc. kommt oder vielleicht aktuell auch gerade nicht einsatzbereit ist. So hat man schnell einen \u00dcberblick, ob evtl. weitere Kr\u00e4fte nachalarmiert werden m\u00fcssen!<\/p>\n","protected":false},"excerpt":{"rendered":"<p>Immer wieder werden wir gefragt, wie wir mitbekommen, dass ein Alarm ist. Diese Frage wollen wir euch nat\u00fcrlich so gut wie m\u00f6glich erkl\u00e4ren und haben daher hier einige Informationen zusammengefasst. Im Gegensatz zu damals, als noch die Sirenen bei Alarm<\/p>\n","protected":false},"author":2,"featured_media":0,"parent":242,"menu_order":0,"comment_status":"closed","ping_status":"closed","template":"","meta":{"ngg_post_thumbnail":0,"footnotes":""},"class_list":["post-4458","page","type-page","status-publish","hentry"],"_links":{"self":[{"href":"https:\/\/test.feuerwehr-holdorf.de\/index.php?rest_route=\/wp\/v2\/pages\/4458","targetHints":{"allow":["GET"]}}],"collection":[{"href":"https:\/\/test.feuerwehr-holdorf.de\/index.php?rest_route=\/wp\/v2\/pages"}],"about":[{"href":"https:\/\/test.feuerwehr-holdorf.de\/index.php?rest_route=\/wp\/v2\/types\/page"}],"author":[{"embeddable":true,"href":"https:\/\/test.feuerwehr-holdorf.de\/index.php?rest_route=\/wp\/v2\/users\/2"}],"replies":[{"embeddable":true,"href":"https:\/\/test.feuerwehr-holdorf.de\/index.php?rest_route=%2Fwp%2Fv2%2Fcomments&post=4458"}],"version-history":[{"count":7,"href":"https:\/\/test.feuerwehr-holdorf.de\/index.php?rest_route=\/wp\/v2\/pages\/4458\/revisions"}],"predecessor-version":[{"id":4469,"href":"https:\/\/test.feuerwehr-holdorf.de\/index.php?rest_route=\/wp\/v2\/pages\/4458\/revisions\/4469"}],"up":[{"embeddable":true,"href":"https:\/\/test.feuerwehr-holdorf.de\/index.php?rest_route=\/wp\/v2\/pages\/242"}],"wp:attachment":[{"href":"https:\/\/test.feuerwehr-holdorf.de\/index.php?rest_route=%2Fwp%2Fv2%2Fmedia&parent=4458"}],"curies":[{"name":"wp","href":"https:\/\/api.w.org\/{rel}","templated":true}]}}