{"id":4470,"date":"2020-05-01T18:19:58","date_gmt":"2020-05-01T16:19:58","guid":{"rendered":"https:\/\/feuerwehr-holdorf.de\/?page_id=4470"},"modified":"2020-05-05T21:26:23","modified_gmt":"2020-05-05T19:26:23","slug":"die-funktionswesten","status":"publish","type":"page","link":"https:\/\/test.feuerwehr-holdorf.de\/?page_id=4470","title":{"rendered":"Die Funktionswesten"},"content":{"rendered":"\n<p><strong>An Einsatzstellen sind immer wieder Feuerwehrleute mit unterschiedlichen Funktionswesten zu sehen. Diese haben nat\u00fcrlich eine Bedeutung, die wir euch hier nun vorstellen m\u00f6chten.<\/strong><br><br><img loading=\"lazy\" decoding=\"async\" class=\"aligncenter size-full wp-image-4471\" src=\"https:\/\/feuerwehr-holdorf.de\/wp-content\/uploads\/2020\/05\/Funktionswesten.jpg\" alt=\"\" width=\"719\" height=\"549\" srcset=\"https:\/\/test.feuerwehr-holdorf.de\/wp-content\/uploads\/2020\/05\/Funktionswesten.jpg 719w, https:\/\/test.feuerwehr-holdorf.de\/wp-content\/uploads\/2020\/05\/Funktionswesten-300x229.jpg 300w\" sizes=\"auto, (max-width: 719px) 100vw, 719px\" \/><\/p>\n<p><strong>Der Einsatzleiter<\/strong><br>Der Einsatzleiter leitet, wie der Name bereits sagt, den Einsatz. In der Regel ist es der Ortsbrandmeister bzw. der Stellvertreter. Bei Abwesenheit der Ortsbrandmeister kann es aber auch ein Zug- oder Gruppenf\u00fchrer sein. Falls es zu gr\u00f6\u00dferen Schadenslagen kommen sollte, kann der Ortsbrandmeister den Einsatz gemeinsam mit dem Gemeindebrandmeister oder dem Stellvertreter leiten bzw. den Einsatz komplett \u00fcbergeben. Derjenige, der diese Weste tr\u00e4gt, ist aber aktuell der Einsatzleiter des gesamten Einsatzes.<\/p>\n<p><strong>Zugf\u00fchrer<\/strong><br>Der Zugf\u00fchrer kann, falls es erforderlich ist, den Einsatz leiten. Dann w\u00fcrde er jedoch die gelbe Weste tragen. Die rote Zugf\u00fchrer-Weste ist beispielsweise im Einsatz, wenn die Feuerwehr im Zug beispielsweise zu einer nachbarschaftlichen L\u00f6schhilfe ausr\u00fcckt. Beispiel: Beim Moorbrand in S\u00fcdlohne im April 2020 r\u00fcckten die Feuerwehren Holdorf und Fladderlohausen gemeinsam im Zug aus. Da dann der Ortsbrandmeister der Feuerwehr Holdorf nicht der Einsatzleiter ist, aber nat\u00fcrlich eine F\u00fchrungsaufgabe &#8222;Zugf\u00fchrer&#8220; hat, zieht er diese Weste an. Er ist somit Ansprechpartner des Holdorfer Zuges f\u00fcr den Einsatzleiter vor Ort.<\/p>\n<p><strong>Gruppenf\u00fchrer<\/strong><br>Der Gruppenf\u00fchrer f\u00fchrt die Gruppe. Die Gruppe ist das Personal auf einem Fahrzeug, daher wird der Gruppenf\u00fchrer auch als &#8222;Fahrzeugf\u00fchrer&#8220; bezeichnet. Er sitzt vorne rechts auf den jeweiligen Fahrzeugen und bestimmt \u00fcber seine Gruppe, er verteilt an die Trupps die Befehle, bestimmt die Aufstellung des Fahrzeuges, usw.! Er ist f\u00fcr seine Gruppe verantwortlich und ist dem Einsatzleiter unterstellt.<\/p>\n<p><strong>Der Abschnittsleiter<\/strong><br>Der Abschnittsleiter kommt bei gr\u00f6\u00dferen Lagen zum Einsatz. Da es bei einem gr\u00f6\u00dferen Einsatz f\u00fcr den Einsatzleiter nicht m\u00f6glich ist, \u00fcberall gleichzeitig zu sein, wird diese Funktion eingesetzt. Bei einem Industriehallenbrand beispielsweise kann es mehrere Abschnitte geben (Beispiel: Brandbek\u00e4mpfung, Menschenrettung, Absicherung weiterer Hallen, etc.). F\u00fcr jeden dieser Abschnitte gibt es dann einen Abschnittsleiter.<\/p>\n<p><strong>Pressesprecher<\/strong><br>Der Pressesprecher ist das Bindeglied zwischen Feuerwehr und Presse. Da der Einsatzleiter damit besch\u00e4ftigt ist, den Einsatz zu leiten und alle erforderlichen Ma\u00dfnahmen zu treffen, wird ein Pressesprecher eingesetzt. Er ist dem Einsatzleiter direkt unterstellt. Er gibt die Informationen an die Presse weiter, gibt Interviews und erstellt in der Regel f\u00fcr die sozialen Medien \/ Homepages die Einsatzberichte. Bei gr\u00f6\u00dferen Lagen, wenn beispielsweise der ELW2-Container des Landkreises Vechta dazu kommt, ist zudem der Kreisfeuerwehr-Pressesprecher vor Ort, der sich mit den Einsatzleitern und Pressesprechern der Feuerwehren vor Ort bespricht und bei der Arbeit unterst\u00fctzt oder die Pressearbeit evtl. komplett \u00fcbernimmt.<\/p>\n","protected":false},"excerpt":{"rendered":"<p>An Einsatzstellen sind immer wieder Feuerwehrleute mit unterschiedlichen Funktionswesten zu sehen. Diese haben nat\u00fcrlich eine Bedeutung, die wir euch hier nun vorstellen m\u00f6chten. Der EinsatzleiterDer Einsatzleiter leitet, wie der Name bereits sagt, den Einsatz. In der Regel ist es der<\/p>\n","protected":false},"author":2,"featured_media":0,"parent":242,"menu_order":0,"comment_status":"closed","ping_status":"closed","template":"","meta":{"ngg_post_thumbnail":0,"footnotes":""},"class_list":["post-4470","page","type-page","status-publish","hentry"],"_links":{"self":[{"href":"https:\/\/test.feuerwehr-holdorf.de\/index.php?rest_route=\/wp\/v2\/pages\/4470","targetHints":{"allow":["GET"]}}],"collection":[{"href":"https:\/\/test.feuerwehr-holdorf.de\/index.php?rest_route=\/wp\/v2\/pages"}],"about":[{"href":"https:\/\/test.feuerwehr-holdorf.de\/index.php?rest_route=\/wp\/v2\/types\/page"}],"author":[{"embeddable":true,"href":"https:\/\/test.feuerwehr-holdorf.de\/index.php?rest_route=\/wp\/v2\/users\/2"}],"replies":[{"embeddable":true,"href":"https:\/\/test.feuerwehr-holdorf.de\/index.php?rest_route=%2Fwp%2Fv2%2Fcomments&post=4470"}],"version-history":[{"count":2,"href":"https:\/\/test.feuerwehr-holdorf.de\/index.php?rest_route=\/wp\/v2\/pages\/4470\/revisions"}],"predecessor-version":[{"id":4488,"href":"https:\/\/test.feuerwehr-holdorf.de\/index.php?rest_route=\/wp\/v2\/pages\/4470\/revisions\/4488"}],"up":[{"embeddable":true,"href":"https:\/\/test.feuerwehr-holdorf.de\/index.php?rest_route=\/wp\/v2\/pages\/242"}],"wp:attachment":[{"href":"https:\/\/test.feuerwehr-holdorf.de\/index.php?rest_route=%2Fwp%2Fv2%2Fmedia&parent=4470"}],"curies":[{"name":"wp","href":"https:\/\/api.w.org\/{rel}","templated":true}]}}