{"id":4740,"date":"2020-10-08T16:53:04","date_gmt":"2020-10-08T14:53:04","guid":{"rendered":"https:\/\/feuerwehr-holdorf.de\/?page_id=4740"},"modified":"2021-01-05T14:36:12","modified_gmt":"2021-01-05T13:36:12","slug":"mtf-fladderlohausen","status":"publish","type":"page","link":"https:\/\/test.feuerwehr-holdorf.de\/?page_id=4740","title":{"rendered":"MTF Fladderlohausen"},"content":{"rendered":"\n<p><strong>Funkrufname:&nbsp;&nbsp; <\/strong>Florian Vechta 31-17-1<br><strong>Fahrzeugtyp:&nbsp;&nbsp; <\/strong>Ford Transit Custom<br><strong>Leistung:&nbsp;&nbsp; <\/strong>101 PS<br><strong>Baujahr:<\/strong> &nbsp; 2013<br><strong>Besatzung:&nbsp;&nbsp; <\/strong>1\/7<\/p>\n<p>Dieses Fahrzeug ist ein Mannschaftstransportfahrzeug. Wie die Bezeichnung bereits verr\u00e4t, wird hiermit haupts\u00e4chlich Personal zur Einsatzstelle gebracht. Es dient aber auch zum Transport von Material. Au\u00dferdem wird es zu Weiterbildungsveranstaltungen, f\u00fcr die Jugendfeuerwehr und weitere Veranstaltungen und Fortbildungen genutzt. Auch die Altersabteilung der freiw. Feuerwehr Fladderlohausen nutzt dieses Fahrzeug.<\/p>\n<p><u>Weitere Ausstattung:<br><\/u>LED-Blaulichtbalken Hella RTK7, R\u00fcckfahrkamera, Digitalfunk, Absicherungsmaterial, Feuerl\u00f6scher, elektrisch ausfahrbarer Einstiegstritt, etc.<\/p>\nngg_shortcode_0_placeholder\n","protected":false},"excerpt":{"rendered":"<p>Funkrufname:&nbsp;&nbsp; Florian Vechta 31-17-1Fahrzeugtyp:&nbsp;&nbsp; Ford Transit CustomLeistung:&nbsp;&nbsp; 101 PSBaujahr: &nbsp; 2013Besatzung:&nbsp;&nbsp; 1\/7 Dieses Fahrzeug ist ein Mannschaftstransportfahrzeug. Wie die Bezeichnung bereits verr\u00e4t, wird hiermit haupts\u00e4chlich Personal zur Einsatzstelle gebracht. Es dient aber auch zum Transport von Material. Au\u00dferdem wird es<\/p>\n","protected":false},"author":2,"featured_media":0,"parent":279,"menu_order":0,"comment_status":"closed","ping_status":"closed","template":"","meta":{"ngg_post_thumbnail":0,"footnotes":""},"class_list":["post-4740","page","type-page","status-publish","hentry"],"_links":{"self":[{"href":"https:\/\/test.feuerwehr-holdorf.de\/index.php?rest_route=\/wp\/v2\/pages\/4740","targetHints":{"allow":["GET"]}}],"collection":[{"href":"https:\/\/test.feuerwehr-holdorf.de\/index.php?rest_route=\/wp\/v2\/pages"}],"about":[{"href":"https:\/\/test.feuerwehr-holdorf.de\/index.php?rest_route=\/wp\/v2\/types\/page"}],"author":[{"embeddable":true,"href":"https:\/\/test.feuerwehr-holdorf.de\/index.php?rest_route=\/wp\/v2\/users\/2"}],"replies":[{"embeddable":true,"href":"https:\/\/test.feuerwehr-holdorf.de\/index.php?rest_route=%2Fwp%2Fv2%2Fcomments&post=4740"}],"version-history":[{"count":3,"href":"https:\/\/test.feuerwehr-holdorf.de\/index.php?rest_route=\/wp\/v2\/pages\/4740\/revisions"}],"predecessor-version":[{"id":4885,"href":"https:\/\/test.feuerwehr-holdorf.de\/index.php?rest_route=\/wp\/v2\/pages\/4740\/revisions\/4885"}],"up":[{"embeddable":true,"href":"https:\/\/test.feuerwehr-holdorf.de\/index.php?rest_route=\/wp\/v2\/pages\/279"}],"wp:attachment":[{"href":"https:\/\/test.feuerwehr-holdorf.de\/index.php?rest_route=%2Fwp%2Fv2%2Fmedia&parent=4740"}],"curies":[{"name":"wp","href":"https:\/\/api.w.org\/{rel}","templated":true}]}}