{"id":7581,"date":"2025-07-24T15:05:33","date_gmt":"2025-07-24T13:05:33","guid":{"rendered":"https:\/\/feuerwehr-holdorf.de\/?page_id=7581"},"modified":"2025-09-23T12:23:14","modified_gmt":"2025-09-23T10:23:14","slug":"interne-seite","status":"publish","type":"page","link":"https:\/\/test.feuerwehr-holdorf.de\/?page_id=7581","title":{"rendered":"FAQ &#8211; Intern"},"content":{"rendered":"<h3 style=\"text-align: center; color: blue;\"><span style=\"text-decoration: underline;\"><strong>Die wichtigsten Links<\/strong><\/span><\/h3>\n<p><span style=\"text-decoration: underline;\"><strong>Abrufen von E-Mails \u00fcber Outlook (Klick auf Logo):<\/strong><\/span><br \/>\n<a href=\"https:\/\/outlook.office.com\/\" target=\"_blank\" rel=\"noopener\"><img loading=\"lazy\" decoding=\"async\" class=\"alignleft wp-image-7585\" src=\"https:\/\/feuerwehr-holdorf.de\/wp-content\/uploads\/2025\/07\/Logo_Outlook-300x214.png\" alt=\"\" width=\"112\" height=\"80\" srcset=\"https:\/\/test.feuerwehr-holdorf.de\/wp-content\/uploads\/2025\/07\/Logo_Outlook-300x214.png 300w, https:\/\/test.feuerwehr-holdorf.de\/wp-content\/uploads\/2025\/07\/Logo_Outlook-975x696.png 975w, https:\/\/test.feuerwehr-holdorf.de\/wp-content\/uploads\/2025\/07\/Logo_Outlook-768x548.png 768w, https:\/\/test.feuerwehr-holdorf.de\/wp-content\/uploads\/2025\/07\/Logo_Outlook-1536x1096.png 1536w, https:\/\/test.feuerwehr-holdorf.de\/wp-content\/uploads\/2025\/07\/Logo_Outlook-2048x1462.png 2048w\" sizes=\"auto, (max-width: 112px) 100vw, 112px\" \/><\/a><\/p>\n<p>&nbsp;<\/p>\n<p>&nbsp;<\/p>\n<p>&nbsp;<\/p>\n<p><span style=\"text-decoration: underline;\"><strong>Anmelden bei Microsoft Teams, unter Anderem zur Dateiablage, Dateien bearbeiten, etc. (Klick auf Logo):<br \/>\n<a href=\"https:\/\/teams.microsoft.com\" target=\"_blank\" rel=\"noopener\"><img loading=\"lazy\" decoding=\"async\" class=\"alignleft wp-image-7586\" src=\"https:\/\/feuerwehr-holdorf.de\/wp-content\/uploads\/2025\/07\/Logo_Teams-300x279.png\" alt=\"\" width=\"86\" height=\"80\" srcset=\"https:\/\/test.feuerwehr-holdorf.de\/wp-content\/uploads\/2025\/07\/Logo_Teams-300x279.png 300w, https:\/\/test.feuerwehr-holdorf.de\/wp-content\/uploads\/2025\/07\/Logo_Teams-975x907.png 975w, https:\/\/test.feuerwehr-holdorf.de\/wp-content\/uploads\/2025\/07\/Logo_Teams-768x715.png 768w, https:\/\/test.feuerwehr-holdorf.de\/wp-content\/uploads\/2025\/07\/Logo_Teams-1536x1429.png 1536w, https:\/\/test.feuerwehr-holdorf.de\/wp-content\/uploads\/2025\/07\/Logo_Teams-2048x1906.png 2048w\" sizes=\"auto, (max-width: 86px) 100vw, 86px\" \/><\/a><br \/>\n<\/strong><\/span><\/p>\n<p>&nbsp;<\/p>\n<p>&nbsp;<\/p>\n<p><span style=\"text-decoration: underline;\"><strong>Anmelden bei FwPortal zum Einsehen eigener Personalakte, abgeschlossene Lehrg\u00e4nge, etc. (Klick auf Logo):<\/strong><\/span><\/p>\n<p><a href=\"https:\/\/live.fwportal.de\/\"><img loading=\"lazy\" decoding=\"async\" class=\"alignleft wp-image-7584\" src=\"https:\/\/feuerwehr-holdorf.de\/wp-content\/uploads\/2025\/07\/Logo_FwPortal.png\" alt=\"\" width=\"151\" height=\"70\"><\/a><\/p>\n<p>&nbsp;<\/p>\n<p>&nbsp;<\/p>\n<p>&nbsp;<\/p>\n<hr>\n<h3 style=\"text-align: center; color: blue;\"><span style=\"text-decoration: underline;\"><strong>FAQ &#8211; Alles Wichtige zu Office 365<\/strong><\/span><\/h3>\n<div id=\"accordions-7671\" class=\"accordions-7671 accordions\" data-accordions={&quot;lazyLoad&quot;:true,&quot;id&quot;:&quot;7671&quot;,&quot;event&quot;:&quot;click&quot;,&quot;collapsible&quot;:&quot;true&quot;,&quot;heightStyle&quot;:&quot;content&quot;,&quot;animateStyle&quot;:&quot;swing&quot;,&quot;animateDelay&quot;:1000,&quot;navigation&quot;:true,&quot;active&quot;:999,&quot;expandedOther&quot;:&quot;no&quot;}>\n                <div id=\"accordions-lazy-7671\" class=\"accordions-lazy\" accordionsId=\"7671\">\n                    <\/div>\n\n    <div class=\"items\"  style=\"display:none\" >\n    \n            <div post_id=\"7671\" itemcount=\"0\"  header_id=\"header-1758018158052\" id=\"header-1758018158052\" style=\"\" class=\"accordions-head head1758018158052 border-none\" toggle-text=\"\" main-text=\"Apps - Wie installiere ich sie auf dem Handy?\">\n                                    <span id=\"accordion-icons-1758018158052\" class=\"accordion-icons\">\n                        <span class=\"accordion-icon-active accordion-plus\"><i class=\"fas fa-chevron-up\"><\/i><\/span>\n                        <span class=\"accordion-icon-inactive accordion-minus\"><i class=\"fas fa-chevron-right\"><\/i><\/span>\n                    <\/span>\n                    <span id=\"header-text-1758018158052\" class=\"accordions-head-title\">Apps - Wie installiere ich sie auf dem Handy?<\/span>\n                            <\/div>\n            <div class=\"accordion-content content1758018158052 \">\n                <p>Dies geht ganz einfach \u00fcber die jeweiligen App-Stores!<\/p>\n<p><span style=\"text-decoration: underline;color: red;font-style: italic\"><strong>F\u00fcr Android (Play Store):<\/strong><\/span><\/p>\n<p><span style=\"text-decoration: underline\"><strong>Outlook-App:<\/strong><\/span><\/p>\n<p><img loading=\"lazy\" decoding=\"async\" class=\"alignnone wp-image-7678\" src=\"https:\/\/feuerwehr-holdorf.de\/wp-content\/uploads\/2025\/09\/QR_Outlook_Android-300x300.jpg\" alt=\"\" width=\"200\" height=\"200\" srcset=\"https:\/\/test.feuerwehr-holdorf.de\/wp-content\/uploads\/2025\/09\/QR_Outlook_Android-300x300.jpg 300w, https:\/\/test.feuerwehr-holdorf.de\/wp-content\/uploads\/2025\/09\/QR_Outlook_Android-975x975.jpg 975w, https:\/\/test.feuerwehr-holdorf.de\/wp-content\/uploads\/2025\/09\/QR_Outlook_Android-150x150.jpg 150w, https:\/\/test.feuerwehr-holdorf.de\/wp-content\/uploads\/2025\/09\/QR_Outlook_Android-768x768.jpg 768w, https:\/\/test.feuerwehr-holdorf.de\/wp-content\/uploads\/2025\/09\/QR_Outlook_Android-270x270.jpg 270w, https:\/\/test.feuerwehr-holdorf.de\/wp-content\/uploads\/2025\/09\/QR_Outlook_Android-230x230.jpg 230w, https:\/\/test.feuerwehr-holdorf.de\/wp-content\/uploads\/2025\/09\/QR_Outlook_Android.jpg 1113w\" sizes=\"auto, (max-width: 200px) 100vw, 200px\" \/><\/p>\n<p><span style=\"text-decoration: underline\"><strong>Teams-App:<\/strong><\/span><\/p>\n<p><img loading=\"lazy\" decoding=\"async\" class=\"alignleft wp-image-7679\" src=\"https:\/\/feuerwehr-holdorf.de\/wp-content\/uploads\/2025\/09\/QR_Teams_Android.png\" alt=\"\" width=\"200\" height=\"200\" srcset=\"https:\/\/test.feuerwehr-holdorf.de\/wp-content\/uploads\/2025\/09\/QR_Teams_Android.png 265w, https:\/\/test.feuerwehr-holdorf.de\/wp-content\/uploads\/2025\/09\/QR_Teams_Android-150x150.png 150w, https:\/\/test.feuerwehr-holdorf.de\/wp-content\/uploads\/2025\/09\/QR_Teams_Android-230x230.png 230w\" sizes=\"auto, (max-width: 200px) 100vw, 200px\" \/><\/p>\n<p><span style=\"color: red\">\u00a0<\/span><\/p>\n<p><span style=\"color: red\">\u00a0<\/span><\/p>\n<p><span style=\"color: red\">\u00a0<\/span><\/p>\n<p><span style=\"color: red\">\u00a0<\/span><\/p>\n<p><span style=\"color: red\">\u00a0<\/span><\/p>\n<p><span style=\"color: red\">\u00a0<\/span><\/p>\n<p><span style=\"text-decoration: underline;color: red;font-style: italic\"><strong>F\u00fcr Apple iOS (App Store):<\/strong><\/span><\/p>\n<p><span style=\"text-decoration: underline\"><strong>Outlook-App:<\/strong><\/span><\/p>\n<p><img loading=\"lazy\" decoding=\"async\" class=\"alignleft wp-image-7680\" src=\"https:\/\/feuerwehr-holdorf.de\/wp-content\/uploads\/2025\/09\/QR_Outlook_iOS.png\" alt=\"\" width=\"200\" height=\"200\" srcset=\"https:\/\/test.feuerwehr-holdorf.de\/wp-content\/uploads\/2025\/09\/QR_Outlook_iOS.png 245w, https:\/\/test.feuerwehr-holdorf.de\/wp-content\/uploads\/2025\/09\/QR_Outlook_iOS-150x150.png 150w, https:\/\/test.feuerwehr-holdorf.de\/wp-content\/uploads\/2025\/09\/QR_Outlook_iOS-230x230.png 230w\" sizes=\"auto, (max-width: 200px) 100vw, 200px\" \/><\/p>\n<p><strong>\u00a0<\/strong><\/p>\n<p><strong>\u00a0<\/strong><\/p>\n<p><strong>\u00a0<\/strong><\/p>\n<p><strong>\u00a0<\/strong><\/p>\n<p><strong>\u00a0<\/strong><\/p>\n<p><strong>\u00a0<\/strong><\/p>\n<p><span style=\"text-decoration: underline\"><strong>Teams-App:<\/strong><\/span><\/p>\n<p><img loading=\"lazy\" decoding=\"async\" class=\"alignleft wp-image-7681\" src=\"https:\/\/feuerwehr-holdorf.de\/wp-content\/uploads\/2025\/09\/QR_Teams_iOS.png\" alt=\"\" width=\"200\" height=\"200\" srcset=\"https:\/\/test.feuerwehr-holdorf.de\/wp-content\/uploads\/2025\/09\/QR_Teams_iOS.png 225w, https:\/\/test.feuerwehr-holdorf.de\/wp-content\/uploads\/2025\/09\/QR_Teams_iOS-150x150.png 150w\" sizes=\"auto, (max-width: 200px) 100vw, 200px\" \/><\/p>\n            <\/div>\n    \n            <div post_id=\"7671\" itemcount=\"1\"  header_id=\"header-1758017462905\" id=\"header-1758017462905\" style=\"\" class=\"accordions-head head1758017462905 border-none\" toggle-text=\"\" main-text=\"Teams - Smartphone-App\">\n                                    <span id=\"accordion-icons-1758017462905\" class=\"accordion-icons\">\n                        <span class=\"accordion-icon-active accordion-plus\"><i class=\"fas fa-chevron-up\"><\/i><\/span>\n                        <span class=\"accordion-icon-inactive accordion-minus\"><i class=\"fas fa-chevron-right\"><\/i><\/span>\n                    <\/span>\n                    <span id=\"header-text-1758017462905\" class=\"accordions-head-title\">Teams - Smartphone-App<\/span>\n                            <\/div>\n            <div class=\"accordion-content content1758017462905 \">\n                <p>Nach der Installation der App m\u00fcssen lediglich die Zugangsdaten eingegeben werden. Nach der einmaligen Anmeldung bleibt die Anmeldung in der Regel bestehen und man muss nicht jedes Mal die Daten neu eingeben.<\/p>\n<p>Danach sind \u00fcber die Reiter unten die Chats und Teams-Kan\u00e4le inkl. Dateien erreichbar.<\/p>\n<p><img loading=\"lazy\" decoding=\"async\" class=\"alignleft size-full wp-image-7691\" src=\"https:\/\/feuerwehr-holdorf.de\/wp-content\/uploads\/2025\/09\/Teams_App_01.jpg\" alt=\"\" width=\"685\" height=\"645\" srcset=\"https:\/\/test.feuerwehr-holdorf.de\/wp-content\/uploads\/2025\/09\/Teams_App_01.jpg 685w, https:\/\/test.feuerwehr-holdorf.de\/wp-content\/uploads\/2025\/09\/Teams_App_01-300x282.jpg 300w\" sizes=\"auto, (max-width: 685px) 100vw, 685px\" \/><\/p>\n            <\/div>\n    \n            <div post_id=\"7671\" itemcount=\"2\"  header_id=\"header-1758032400220\" id=\"header-1758032400220\" style=\"\" class=\"accordions-head head1758032400220 border-none\" toggle-text=\"\" main-text=\"Outlook - Smartphone-App\">\n                                    <span id=\"accordion-icons-1758032400220\" class=\"accordion-icons\">\n                        <span class=\"accordion-icon-active accordion-plus\"><i class=\"fas fa-chevron-up\"><\/i><\/span>\n                        <span class=\"accordion-icon-inactive accordion-minus\"><i class=\"fas fa-chevron-right\"><\/i><\/span>\n                    <\/span>\n                    <span id=\"header-text-1758032400220\" class=\"accordions-head-title\">Outlook - Smartphone-App<\/span>\n                            <\/div>\n            <div class=\"accordion-content content1758032400220 \">\n                <p>Auch hier muss lediglich die Mail-Adresse sowie das Passwort eingegeben werden, Outlook richtet sich danach selbstst\u00e4ndig ein.<\/p>\n<p><strong><span style=\"text-decoration: underline\"><em>F\u00fcr die, die eine Funktionsadresse einbinden m\u00f6chten:<\/em><\/span><\/strong><\/p>\n<p>1) oben links auf Profilbild<\/p>\n<p>2) Auf Mail-Symbol klicken<\/p>\n<p>3) Auf \"Freigegebenes Postfach hinzuf\u00fcgen\" klicken<\/p>\n<p>4) Mail-Adresse eingeben -> fertig!<\/p>\n<p><img loading=\"lazy\" decoding=\"async\" class=\"alignleft size-large wp-image-7692\" src=\"https:\/\/feuerwehr-holdorf.de\/wp-content\/uploads\/2025\/09\/Add-Shared-Mailbox-to-the-Outlook-App-975x693.png\" alt=\"\" width=\"750\" height=\"533\" srcset=\"https:\/\/test.feuerwehr-holdorf.de\/wp-content\/uploads\/2025\/09\/Add-Shared-Mailbox-to-the-Outlook-App-975x693.png 975w, https:\/\/test.feuerwehr-holdorf.de\/wp-content\/uploads\/2025\/09\/Add-Shared-Mailbox-to-the-Outlook-App-300x213.png 300w, https:\/\/test.feuerwehr-holdorf.de\/wp-content\/uploads\/2025\/09\/Add-Shared-Mailbox-to-the-Outlook-App-768x546.png 768w, https:\/\/test.feuerwehr-holdorf.de\/wp-content\/uploads\/2025\/09\/Add-Shared-Mailbox-to-the-Outlook-App.png 1280w\" sizes=\"auto, (max-width: 750px) 100vw, 750px\" \/><\/p>\n            <\/div>\n    \n            <div post_id=\"7671\" itemcount=\"3\"  header_id=\"header-1758032470943\" id=\"header-1758032470943\" style=\"\" class=\"accordions-head head1758032470943 border-none\" toggle-text=\"\" main-text=\"Office Allgemein - Smartphone-App\">\n                                    <span id=\"accordion-icons-1758032470943\" class=\"accordion-icons\">\n                        <span class=\"accordion-icon-active accordion-plus\"><i class=\"fas fa-chevron-up\"><\/i><\/span>\n                        <span class=\"accordion-icon-inactive accordion-minus\"><i class=\"fas fa-chevron-right\"><\/i><\/span>\n                    <\/span>\n                    <span id=\"header-text-1758032470943\" class=\"accordions-head-title\">Office Allgemein - Smartphone-App<\/span>\n                            <\/div>\n            <div class=\"accordion-content content1758032470943 \">\n                <p>Entweder kann die allgemeine Office-App installiert werden oder man l\u00e4dt sich Word, Excel, Powerpoint, etc. separat aus dem AppStore herunter. Unsere Lizenz lizensiert zwar keine Desktop-Apps f\u00fcr Windows, allerdings sind die Apps f\u00fcr Smartphones in der App inbegriffen.<\/p>\n<p>Nach dem \u00d6ffnen der jeweiligen App muss auch hier nur lediglich die Mail-Adresse sowie das Passwort eingegeben werden.<\/p>\n            <\/div>\n    \n            <div post_id=\"7671\" itemcount=\"4\"  header_id=\"header-1758032382347\" id=\"header-1758032382347\" style=\"\" class=\"accordions-head head1758032382347 border-none\" toggle-text=\"\" main-text=\"Teams - Web-App\">\n                                    <span id=\"accordion-icons-1758032382347\" class=\"accordion-icons\">\n                        <span class=\"accordion-icon-active accordion-plus\"><i class=\"fas fa-chevron-up\"><\/i><\/span>\n                        <span class=\"accordion-icon-inactive accordion-minus\"><i class=\"fas fa-chevron-right\"><\/i><\/span>\n                    <\/span>\n                    <span id=\"header-text-1758032382347\" class=\"accordions-head-title\">Teams - Web-App<\/span>\n                            <\/div>\n            <div class=\"accordion-content content1758032382347 \">\n                <p>Nach der Anmeldung \u00fcber https:\/\/teams.microsoft.com\/v2\/ l\u00e4dt Teams nach kurzer Ladezeit alle notwendigen Daten! Nach sind auf der linken Seite mehrere Men\u00fcpunkte.<\/p>\n<p>Chat: Hier k\u00f6nnen die Kameradinnen und Kameraden der Feuerwehren Holdorf und Fladderlohausen direkt angeschrieben werden<\/p>\n<p>Teams: Hier sind alle Teams zu sehen, f\u00fcr die die Mitglieder freigeschaltet sind. In den Teams sind dann die Dateien \u00fcber den Reiter oben \"Dateien\" erreichbar. Sie k\u00f6nnen direkt in Teams ge\u00f6ffnet und bearbeitet werden!<\/p>\n<p><img loading=\"lazy\" decoding=\"async\" class=\"alignleft size-large wp-image-7690\" src=\"https:\/\/feuerwehr-holdorf.de\/wp-content\/uploads\/2025\/09\/Teams_Web-App_02-975x287.jpg\" alt=\"\" width=\"750\" height=\"221\" srcset=\"https:\/\/test.feuerwehr-holdorf.de\/wp-content\/uploads\/2025\/09\/Teams_Web-App_02-975x287.jpg 975w, https:\/\/test.feuerwehr-holdorf.de\/wp-content\/uploads\/2025\/09\/Teams_Web-App_02-300x88.jpg 300w, https:\/\/test.feuerwehr-holdorf.de\/wp-content\/uploads\/2025\/09\/Teams_Web-App_02-768x226.jpg 768w, https:\/\/test.feuerwehr-holdorf.de\/wp-content\/uploads\/2025\/09\/Teams_Web-App_02.jpg 1275w\" sizes=\"auto, (max-width: 750px) 100vw, 750px\" \/><\/p>\n            <\/div>\n    \n            <div post_id=\"7671\" itemcount=\"5\"  header_id=\"header-1758032428046\" id=\"header-1758032428046\" style=\"\" class=\"accordions-head head1758032428046 border-none\" toggle-text=\"\" main-text=\"Outlook - Web-App\">\n                                    <span id=\"accordion-icons-1758032428046\" class=\"accordion-icons\">\n                        <span class=\"accordion-icon-active accordion-plus\"><i class=\"fas fa-chevron-up\"><\/i><\/span>\n                        <span class=\"accordion-icon-inactive accordion-minus\"><i class=\"fas fa-chevron-right\"><\/i><\/span>\n                    <\/span>\n                    <span id=\"header-text-1758032428046\" class=\"accordions-head-title\">Outlook - Web-App<\/span>\n                            <\/div>\n            <div class=\"accordion-content content1758032428046 \">\n                <p>1) https:\/\/outlook.office.com\/ im Browser \u00f6ffnen und anmelden.<\/p>\n<p>2) Dienstadresse (z.B. vorname.nachname@feuerwehr-holdorf.de) sowie Kennwort eingeben.<\/p>\n<p>3) Outlook startet nach kurzer Ladezeit<\/p>\n<p><strong><span style=\"text-decoration: underline\">Freigegebenes Postfach (f\u00fcr Funktionstr\u00e4ger) einbinden:<\/span><\/strong><\/p>\n<p>1) In der linken Ordnerliste (Rechtsklick) auf deinen Kontonamen bzw. Ordner \u2192 \u201eFreigegebenen Ordner oder Postfach hinzuf\u00fcgen\u201c<\/p>\n<p>2) E-Mail-Adresse des freigegebenen Postfachs eintippen \u2192 Hinzuf\u00fcgen.<br \/>\n<em>Die genaue Adresse erhaltet ihr mit euren pers\u00f6nlichen Zugangsdaten!<\/em><\/p>\n<p>3) Danach erscheint das Postfach in der Ordnerliste<\/p>\n<p><strong><span style=\"text-decoration: underline\">Mail schreiben:<\/span><\/strong><\/p>\n<p>1) Oben links auf \"Neue E-Mail\"<\/p>\n<p>2) Mail-Adressen eingeben (sobald man erste Buchstaben eingibt, sucht Outlook automatisch nach den Usern!)<\/p>\n<p><strong><span style=\"text-decoration: underline\"><em>Hinweis f\u00fcr Funktionstr\u00e4ger mit Funktions-Mail-Adresse:<\/em><\/span><\/strong><\/p>\n<p>Neben dem Feld \"Senden\" steht \"Von: <em>eure pers\u00f6nliche Mail-Adresse<\/em>\". Wenn ihr dort drauf klickt, k\u00f6nnt ihr ausw\u00e4hlen, von welcher Mail-Adresse ihr senden m\u00f6chtet!<\/p>\n            <\/div>\n    \n            <div post_id=\"7671\" itemcount=\"6\"  header_id=\"header-1758032454007\" id=\"header-1758032454007\" style=\"\" class=\"accordions-head head1758032454007 border-none\" toggle-text=\"\" main-text=\"Office Allgemein - Web-App\">\n                                    <span id=\"accordion-icons-1758032454007\" class=\"accordion-icons\">\n                        <span class=\"accordion-icon-active accordion-plus\"><i class=\"fas fa-chevron-up\"><\/i><\/span>\n                        <span class=\"accordion-icon-inactive accordion-minus\"><i class=\"fas fa-chevron-right\"><\/i><\/span>\n                    <\/span>\n                    <span id=\"header-text-1758032454007\" class=\"accordions-head-title\">Office Allgemein - Web-App<\/span>\n                            <\/div>\n            <div class=\"accordion-content content1758032454007 \">\n                <p>1) https:\/\/www.office.com\/ im Browser \u00f6ffnen und oben rechts \"Anmelden\" w\u00e4hlen.<\/p>\n<p>2) Dienstadresse (z.B. vorname.nachname@feuerwehr-holdorf.de) sowie Kennwort eingeben.<\/p>\n<p>3) Auf der linken Seite k\u00f6nnen im Men\u00fc die jeweiligen Apps ge\u00f6ffnet werden.<\/p>\n<p><img loading=\"lazy\" decoding=\"async\" class=\"alignleft wp-image-7685 size-full\" src=\"https:\/\/feuerwehr-holdorf.de\/wp-content\/uploads\/2025\/09\/Office_Web-App.jpg\" alt=\"\" width=\"256\" height=\"619\" srcset=\"https:\/\/test.feuerwehr-holdorf.de\/wp-content\/uploads\/2025\/09\/Office_Web-App.jpg 256w, https:\/\/test.feuerwehr-holdorf.de\/wp-content\/uploads\/2025\/09\/Office_Web-App-124x300.jpg 124w\" sizes=\"auto, (max-width: 256px) 100vw, 256px\" \/><\/p>\n            <\/div>\n    \n            <div post_id=\"7671\" itemcount=\"7\"  header_id=\"header-1758032315002\" id=\"header-1758032315002\" style=\"\" class=\"accordions-head head1758032315002 border-none\" toggle-text=\"\" main-text=\"Teams &amp; Outlook als App auf dem PC einrichten\">\n                                    <span id=\"accordion-icons-1758032315002\" class=\"accordion-icons\">\n                        <span class=\"accordion-icon-active accordion-plus\"><i class=\"fas fa-chevron-up\"><\/i><\/span>\n                        <span class=\"accordion-icon-inactive accordion-minus\"><i class=\"fas fa-chevron-right\"><\/i><\/span>\n                    <\/span>\n                    <span id=\"header-text-1758032315002\" class=\"accordions-head-title\">Teams &amp; Outlook als App auf dem PC einrichten<\/span>\n                            <\/div>\n            <div class=\"accordion-content content1758032315002 \">\n                <p>Hier gibt es nichts besonderes zu beachten!<\/p>\n<p>Da die Mail-Adressen \u00fcber Microsoft eingerichtet sind, finden Teams und Outlook nach der Eingabe der Zugangsdaten alles weitere automatisch!<\/p>\n<p><em><strong><span style=\"text-decoration: underline\">Wichtig:<\/span> <\/strong><\/em>\u00dcber unsere Lizenzen wird Outlook f\u00fcr Windows-PCs nicht lizenziert! Es muss also bereits lizenziert auf dem PC verf\u00fcgbar sein!<\/p>\n            <\/div>\n    \n            <div post_id=\"7671\" itemcount=\"8\"  header_id=\"header-1758018217538\" id=\"header-1758018217538\" style=\"\" class=\"accordions-head head1758018217538 border-none\" toggle-text=\"\" main-text=\"FwPortal - Passwort einrichten\">\n                                    <span id=\"accordion-icons-1758018217538\" class=\"accordion-icons\">\n                        <span class=\"accordion-icon-active accordion-plus\"><i class=\"fas fa-chevron-up\"><\/i><\/span>\n                        <span class=\"accordion-icon-inactive accordion-minus\"><i class=\"fas fa-chevron-right\"><\/i><\/span>\n                    <\/span>\n                    <span id=\"header-text-1758018217538\" class=\"accordions-head-title\">FwPortal - Passwort einrichten<\/span>\n                            <\/div>\n            <div class=\"accordion-content content1758018217538 \">\n                <p>1) Ruf die Seite <a href=\"https:\/\/live.fwportal.de\/\">https:\/\/live.fwportal.de\/<\/a> auf<\/p>\n<p>2) Sofern noch nicht eingerichtet, klicke auf \"Haben Sie ihr Passwort vergessen?\"<\/p>\n<p>3. Gib im n\u00e4chsten Fenster deine pers\u00f6nliche Feuerwehr-Mail-Adresse ein und klicke auf \"Neues Passwort zusenden\"<\/p>\n<p><img loading=\"lazy\" decoding=\"async\" class=\"alignleft wp-image-7683\" src=\"https:\/\/feuerwehr-holdorf.de\/wp-content\/uploads\/2025\/09\/FwPortal_02.jpg\" alt=\"\" width=\"145\" height=\"108\" srcset=\"https:\/\/test.feuerwehr-holdorf.de\/wp-content\/uploads\/2025\/09\/FwPortal_02.jpg 273w, https:\/\/test.feuerwehr-holdorf.de\/wp-content\/uploads\/2025\/09\/FwPortal_02-270x203.jpg 270w\" sizes=\"auto, (max-width: 145px) 100vw, 145px\" \/><\/p>\n            <\/div>\n    <\/div>\n\n\n\n            <\/div>\n<p>&nbsp;<\/p>\n","protected":false},"excerpt":{"rendered":"<p>Die wichtigsten Links Abrufen von E-Mails \u00fcber Outlook (Klick auf Logo): &nbsp; &nbsp; &nbsp; Anmelden bei Microsoft Teams, unter Anderem zur Dateiablage, Dateien bearbeiten, etc. (Klick auf Logo): &nbsp; &nbsp; Anmelden bei FwPortal zum Einsehen eigener Personalakte, abgeschlossene Lehrg\u00e4nge, etc.<\/p>\n","protected":false},"author":2,"featured_media":0,"parent":0,"menu_order":0,"comment_status":"closed","ping_status":"closed","template":"","meta":{"ngg_post_thumbnail":0,"footnotes":""},"class_list":["post-7581","page","type-page","status-publish","hentry"],"_links":{"self":[{"href":"https:\/\/test.feuerwehr-holdorf.de\/index.php?rest_route=\/wp\/v2\/pages\/7581","targetHints":{"allow":["GET"]}}],"collection":[{"href":"https:\/\/test.feuerwehr-holdorf.de\/index.php?rest_route=\/wp\/v2\/pages"}],"about":[{"href":"https:\/\/test.feuerwehr-holdorf.de\/index.php?rest_route=\/wp\/v2\/types\/page"}],"author":[{"embeddable":true,"href":"https:\/\/test.feuerwehr-holdorf.de\/index.php?rest_route=\/wp\/v2\/users\/2"}],"replies":[{"embeddable":true,"href":"https:\/\/test.feuerwehr-holdorf.de\/index.php?rest_route=%2Fwp%2Fv2%2Fcomments&post=7581"}],"version-history":[{"count":10,"href":"https:\/\/test.feuerwehr-holdorf.de\/index.php?rest_route=\/wp\/v2\/pages\/7581\/revisions"}],"predecessor-version":[{"id":7697,"href":"https:\/\/test.feuerwehr-holdorf.de\/index.php?rest_route=\/wp\/v2\/pages\/7581\/revisions\/7697"}],"wp:attachment":[{"href":"https:\/\/test.feuerwehr-holdorf.de\/index.php?rest_route=%2Fwp%2Fv2%2Fmedia&parent=7581"}],"curies":[{"name":"wp","href":"https:\/\/api.w.org\/{rel}","templated":true}]}}