{"id":815,"date":"2021-09-09T11:00:00","date_gmt":"2021-09-09T09:00:00","guid":{"rendered":"http:\/\/wp.feuerwehr-holdorf.de\/?page_id=815"},"modified":"2025-05-04T21:46:11","modified_gmt":"2025-05-04T19:46:11","slug":"foerderverein-der-freiw-feuerwehr-fladderlohausen","status":"publish","type":"page","link":"https:\/\/test.feuerwehr-holdorf.de\/?page_id=815","title":{"rendered":"F\u00f6rderverein der freiw. Feuerwehr Fladderlohausen"},"content":{"rendered":"<p><strong>Der F\u00f6rderverein der freiwilligen Feuerwehr&nbsp;Fladderlohausen e.V. ist ein eingetragener, gemeinn\u00fctziger Verein, dessen Aufgabe es ist, s\u00e4mtliche Aktivit\u00e4ten der freiwilligen Feuerwehr&nbsp;Fladderlohausen im Rahmen des abwehrenden Brandschutzes sowie zur Brandschutzvorbeugung durch Aufkl\u00e4rung hier\u00fcber und Brandschutzerziehung zu unterst\u00fctzen.<\/strong><\/p>\n<p><span style=\"text-decoration: underline;\"><strong>Die besonderen Zwecke des F\u00f6rdervereins sind:<\/strong><\/span><br \/>\n\u2022&nbsp;&nbsp; &nbsp;das Feuerwehrwesen in&nbsp;Fladderlohausen zu f\u00f6rdern<br \/>\n\u2022&nbsp;&nbsp; &nbsp;die sozialen Belange der Feuerwehrmitglieder (insbesondere der Einsatzabteilung) wahrzunehmen<br \/>\n\u2022&nbsp;&nbsp; &nbsp;die Aufgaben der Jugendfeuerwehr zu f\u00f6rdern<br \/>\n\u2022&nbsp;&nbsp; &nbsp;in der \u00d6ffentlichkeit f\u00fcr den Brandschutz zu werben<br \/>\n\u2022&nbsp;&nbsp; &nbsp;Interessierte f\u00fcr die Feuerwehr zu werben<br \/>\n\u2022&nbsp;&nbsp; &nbsp;die Grunds\u00e4tze des freiwilligen Feuerschutzes zu pflegen und durch Veranstaltungen kameradschaftliche Verbindungen zwischen den Mitgliedern des Vereins, den Mitgliedern der Feuerwehr und zu anderen Feuerwehren herzustellen<br \/>\n\u2022&nbsp;&nbsp; &nbsp;durch materielle und ideelle Hilfen den Dienstbetrieb, die Einsatzbereitschaft und die Kameradschaft in der Feuerwehr&nbsp;Fladderlohausen zu f\u00f6rdern<\/p>\n<p><span style=\"text-decoration: underline;\"><strong>Wie k\u00f6nnen Sie helfen und was haben Sie davon?<\/strong><\/span><\/p>\n<p>Durch einen geringen Beitrag (mindestens nur 15,-\u20ac \/ Jahr) unterst\u00fctzen Sie die Bem\u00fchungen und leisten so einen erheblichen Beitrag zur Realisierung der Ziele des Vereins. Durch diese Unterst\u00fctzung engagieren Sie sich f\u00fcr die Sicherheit der Feuerwehrleute. Denn nur gut ausgestattete Feuerwehrm\u00e4nner bzw. -frauen und eine gut ausger\u00fcstete Feuerwehr k\u00f6nnen im Ernstfall schnell und effektiv helfen! Werden Sie Mitglied und unterst\u00fctzen Sie uns dabei!<\/p>\n<p><strong>Beitrittserkl\u00e4rung F\u00f6rderverein:<\/strong> <a href=\"https:\/\/feuerwehr-holdorf.de\/wp-content\/uploads\/2021\/09\/Beitrittserklaerung_Foerderverein_FF-Fladderlohausen-2021.pdf\" target=\"_blank\" rel=\"noopener\">hier als Download erh\u00e4ltlich (Stand: 09.09.2021)<\/a><\/p>\n<p>F\u00fcr weitere Fragen steht Ihnen der Vorstand, insbesondere der Vorsitzende Jens Wobbeler, gerne zur Verf\u00fcgung. Nachstehend die Kontaktadresse, zu der auch die Beitrittserkl\u00e4rung geschickt werden kann! Auf Anfrage erhalten Sie nat\u00fcrlich auch eine Spendenbescheinigung!<\/p>\n<p>&nbsp;<\/p>\n<p><span style=\"text-decoration: underline;\"><img loading=\"lazy\" decoding=\"async\" class=\"alignleft wp-image-7419\" src=\"https:\/\/feuerwehr-holdorf.de\/wp-content\/uploads\/2025\/05\/2025-05_Wobbeler-Jens_1500px-240x300.jpg\" alt=\"\" width=\"180\" height=\"225\" srcset=\"https:\/\/test.feuerwehr-holdorf.de\/wp-content\/uploads\/2025\/05\/2025-05_Wobbeler-Jens_1500px-240x300.jpg 240w, https:\/\/test.feuerwehr-holdorf.de\/wp-content\/uploads\/2025\/05\/2025-05_Wobbeler-Jens_1500px-780x975.jpg 780w, https:\/\/test.feuerwehr-holdorf.de\/wp-content\/uploads\/2025\/05\/2025-05_Wobbeler-Jens_1500px-768x960.jpg 768w, https:\/\/test.feuerwehr-holdorf.de\/wp-content\/uploads\/2025\/05\/2025-05_Wobbeler-Jens_1500px.jpg 1200w\" sizes=\"auto, (max-width: 180px) 100vw, 180px\" \/><\/span><\/p>\n<p>&nbsp;<\/p>\n<p><span style=\"text-decoration: underline;\"><strong><em>1. Vorsitzender<\/em><\/strong><\/span><br \/>\nJens Wobbeler<br \/>\nKaiserstrasse 3<br \/>\n49451 Holdorf<\/p>\n<p>Tel.: 0171-5275980<\/p>\n","protected":false},"excerpt":{"rendered":"<p>Der F\u00f6rderverein der freiwilligen Feuerwehr&nbsp;Fladderlohausen e.V. ist ein eingetragener, gemeinn\u00fctziger Verein, dessen Aufgabe es ist, s\u00e4mtliche Aktivit\u00e4ten der freiwilligen Feuerwehr&nbsp;Fladderlohausen im Rahmen des abwehrenden Brandschutzes sowie zur Brandschutzvorbeugung durch Aufkl\u00e4rung hier\u00fcber und Brandschutzerziehung zu unterst\u00fctzen. Die besonderen Zwecke des F\u00f6rdervereins<\/p>\n","protected":false},"author":4,"featured_media":0,"parent":281,"menu_order":0,"comment_status":"closed","ping_status":"closed","template":"","meta":{"ngg_post_thumbnail":0,"footnotes":""},"class_list":["post-815","page","type-page","status-publish","hentry"],"_links":{"self":[{"href":"https:\/\/test.feuerwehr-holdorf.de\/index.php?rest_route=\/wp\/v2\/pages\/815","targetHints":{"allow":["GET"]}}],"collection":[{"href":"https:\/\/test.feuerwehr-holdorf.de\/index.php?rest_route=\/wp\/v2\/pages"}],"about":[{"href":"https:\/\/test.feuerwehr-holdorf.de\/index.php?rest_route=\/wp\/v2\/types\/page"}],"author":[{"embeddable":true,"href":"https:\/\/test.feuerwehr-holdorf.de\/index.php?rest_route=\/wp\/v2\/users\/4"}],"replies":[{"embeddable":true,"href":"https:\/\/test.feuerwehr-holdorf.de\/index.php?rest_route=%2Fwp%2Fv2%2Fcomments&post=815"}],"version-history":[{"count":10,"href":"https:\/\/test.feuerwehr-holdorf.de\/index.php?rest_route=\/wp\/v2\/pages\/815\/revisions"}],"predecessor-version":[{"id":7436,"href":"https:\/\/test.feuerwehr-holdorf.de\/index.php?rest_route=\/wp\/v2\/pages\/815\/revisions\/7436"}],"up":[{"embeddable":true,"href":"https:\/\/test.feuerwehr-holdorf.de\/index.php?rest_route=\/wp\/v2\/pages\/281"}],"wp:attachment":[{"href":"https:\/\/test.feuerwehr-holdorf.de\/index.php?rest_route=%2Fwp%2Fv2%2Fmedia&parent=815"}],"curies":[{"name":"wp","href":"https:\/\/api.w.org\/{rel}","templated":true}]}}